{"id":212,"date":"2018-03-21T07:45:45","date_gmt":"2018-03-21T07:45:45","guid":{"rendered":"http:\/\/localhost\/company-project\/goto\/?page_id=212"},"modified":"2023-01-09T12:35:08","modified_gmt":"2023-01-09T09:35:08","slug":"contact","status":"publish","type":"page","link":"https:\/\/samistaltravel.com\/es\/contact\/","title":{"rendered":"Contact"},"content":{"rendered":"\t\t<div data-elementor-type=\"wp-post\" data-elementor-id=\"212\" class=\"elementor elementor-212\" data-elementor-settings=\"[]\">\n\t\t\t\t\t\t<div class=\"elementor-inner\">\n\t\t\t\t\t\t\t<div class=\"elementor-section-wrap\">\n\t\t\t\t\t\t\t<section class=\"elementor-section elementor-top-section elementor-element elementor-element-f5863a5 elementor-section-boxed elementor-section-height-default elementor-section-height-default\" data-id=\"f5863a5\" data-element_type=\"section\">\n\t\t\t\t\t\t<div class=\"elementor-container elementor-column-gap-default\">\n\t\t\t\t\t\t\t<div class=\"elementor-row\">\n\t\t\t\t\t<div class=\"elementor-column elementor-col-33 elementor-top-column elementor-element elementor-element-884733c\" data-id=\"884733c\" data-element_type=\"column\">\n\t\t\t<div class=\"elementor-column-wrap elementor-element-populated\">\n\t\t\t\t\t\t\t<div class=\"elementor-widget-wrap\">\n\t\t\t\t\t\t<div class=\"elementor-element elementor-element-7ec92d3 elementor-widget elementor-widget-heading\" data-id=\"7ec92d3\" data-element_type=\"widget\" data-widget_type=\"heading.default\">\n\t\t\t\t<div class=\"elementor-widget-container\">\n\t\t\t<h4 class=\"elementor-heading-title elementor-size-default\">Nuestras Oficinas<\/h4>\t\t<\/div>\n\t\t\t\t<\/div>\n\t\t\t\t<div class=\"elementor-element elementor-element-8263393 elementor-widget elementor-widget-spacer\" data-id=\"8263393\" data-element_type=\"widget\" data-widget_type=\"spacer.default\">\n\t\t\t\t<div class=\"elementor-widget-container\">\n\t\t\t\t\t<div class=\"elementor-spacer\">\n\t\t\t<div class=\"elementor-spacer-inner\"><\/div>\n\t\t<\/div>\n\t\t\t\t<\/div>\n\t\t\t\t<\/div>\n\t\t\t\t<div class=\"elementor-element elementor-element-2377f1e elementor-widget elementor-widget-heading\" data-id=\"2377f1e\" data-element_type=\"widget\" data-widget_type=\"heading.default\">\n\t\t\t\t<div class=\"elementor-widget-container\">\n\t\t\t<h6 class=\"elementor-heading-title elementor-size-default\">Turqu\u00eda <\/h6>\t\t<\/div>\n\t\t\t\t<\/div>\n\t\t\t\t<div class=\"elementor-element elementor-element-c5ccbbf elementor-widget elementor-widget-spacer\" data-id=\"c5ccbbf\" data-element_type=\"widget\" data-widget_type=\"spacer.default\">\n\t\t\t\t<div class=\"elementor-widget-container\">\n\t\t\t\t\t<div class=\"elementor-spacer\">\n\t\t\t<div class=\"elementor-spacer-inner\"><\/div>\n\t\t<\/div>\n\t\t\t\t<\/div>\n\t\t\t\t<\/div>\n\t\t\t\t<div class=\"elementor-element elementor-element-a634951 elementor-icon-list--layout-traditional elementor-list-item-link-full_width elementor-widget elementor-widget-icon-list\" data-id=\"a634951\" data-element_type=\"widget\" data-widget_type=\"icon-list.default\">\n\t\t\t\t<div class=\"elementor-widget-container\">\n\t\t\t\t\t<ul class=\"elementor-icon-list-items\">\n\t\t\t\t\t\t\t<li class=\"elementor-icon-list-item\">\n\t\t\t\t\t\t\t\t\t\t\t<span class=\"elementor-icon-list-icon\">\n\t\t\t\t\t\t\t<i aria-hidden=\"true\" class=\"fas fa-map-marker-alt\"><\/i>\t\t\t\t\t\t<\/span>\n\t\t\t\t\t\t\t\t\t\t<span class=\"elementor-icon-list-text\">Dr.Sami Ya\u011f\u0131z Cad.Bilim Plaza kat:3 No:12   Ni\u011fde\/TURKEY<\/span>\n\t\t\t\t\t\t\t\t\t<\/li>\n\t\t\t\t\t\t\t\t<li class=\"elementor-icon-list-item\">\n\t\t\t\t\t\t\t\t\t\t\t<a href=\"tel:18443113006\">\n\n\t\t\t\t\t\t\t\t\t\t\t\t<span class=\"elementor-icon-list-icon\">\n\t\t\t\t\t\t\t<i aria-hidden=\"true\" class=\"fas fa-phone\"><\/i>\t\t\t\t\t\t<\/span>\n\t\t\t\t\t\t\t\t\t\t<span class=\"elementor-icon-list-text\">+90 388 232 91 51<\/span>\n\t\t\t\t\t\t\t\t\t\t\t<\/a>\n\t\t\t\t\t\t\t\t\t<\/li>\n\t\t\t\t\t\t\t\t<li class=\"elementor-icon-list-item\">\n\t\t\t\t\t\t\t\t\t\t\t<span class=\"elementor-icon-list-icon\">\n\t\t\t\t\t\t\t<i aria-hidden=\"true\" class=\"fas fa-envelope\"><\/i>\t\t\t\t\t\t<\/span>\n\t\t\t\t\t\t\t\t\t\t<span class=\"elementor-icon-list-text\">info@samistaltravel.com<\/span>\n\t\t\t\t\t\t\t\t\t<\/li>\n\t\t\t\t\t\t<\/ul>\n\t\t\t\t<\/div>\n\t\t\t\t<\/div>\n\t\t\t\t<div class=\"elementor-element elementor-element-066fa64 elementor-widget-divider--view-line elementor-widget elementor-widget-divider\" data-id=\"066fa64\" data-element_type=\"widget\" data-widget_type=\"divider.default\">\n\t\t\t\t<div class=\"elementor-widget-container\">\n\t\t\t\t\t<div class=\"elementor-divider\">\n\t\t\t<span class=\"elementor-divider-separator\">\n\t\t\t\t\t\t<\/span>\n\t\t<\/div>\n\t\t\t\t<\/div>\n\t\t\t\t<\/div>\n\t\t\t\t\t\t<\/div>\n\t\t\t\t\t<\/div>\n\t\t<\/div>\n\t\t\t\t<div class=\"elementor-column elementor-col-33 elementor-top-column elementor-element elementor-element-2e19931\" data-id=\"2e19931\" data-element_type=\"column\">\n\t\t\t<div class=\"elementor-column-wrap\">\n\t\t\t\t\t\t\t<div class=\"elementor-widget-wrap\">\n\t\t\t\t\t\t\t\t<\/div>\n\t\t\t\t\t<\/div>\n\t\t<\/div>\n\t\t\t\t<div class=\"elementor-column elementor-col-33 elementor-top-column elementor-element elementor-element-64ac237\" data-id=\"64ac237\" data-element_type=\"column\">\n\t\t\t<div class=\"elementor-column-wrap elementor-element-populated\">\n\t\t\t\t\t\t\t<div class=\"elementor-widget-wrap\">\n\t\t\t\t\t\t<div class=\"elementor-element elementor-element-010697a elementor-widget elementor-widget-google_maps\" data-id=\"010697a\" data-element_type=\"widget\" data-widget_type=\"google_maps.default\">\n\t\t\t\t<div class=\"elementor-widget-container\">\n\t\t\t\t\t<div class=\"elementor-custom-embed\">\n\t\t\t<iframe frameborder=\"0\" scrolling=\"no\" marginheight=\"0\" marginwidth=\"0\"\n\t\t\t\t\tsrc=\"https:\/\/maps.google.com\/maps?q=Ni%C4%9Fde&#038;t=m&#038;z=10&#038;output=embed&#038;iwloc=near\"\n\t\t\t\t\ttitle=\"Ni\u011fde\"\n\t\t\t\t\taria-label=\"Ni\u011fde\"\n\t\t\t><\/iframe>\n\t\t<\/div>\n\t\t\t\t<\/div>\n\t\t\t\t<\/div>\n\t\t\t\t<div class=\"elementor-element elementor-element-eece2ca elementor-widget elementor-widget-heading\" data-id=\"eece2ca\" data-element_type=\"widget\" data-widget_type=\"heading.default\">\n\t\t\t\t<div class=\"elementor-widget-container\">\n\t\t\t<h2 class=\"elementor-heading-title elementor-size-default\">Cont\u00e1ctenos<\/h2>\t\t<\/div>\n\t\t\t\t<\/div>\n\t\t\t\t<div class=\"elementor-element elementor-element-02adb65 elementor-widget elementor-widget-spacer\" data-id=\"02adb65\" data-element_type=\"widget\" data-widget_type=\"spacer.default\">\n\t\t\t\t<div class=\"elementor-widget-container\">\n\t\t\t\t\t<div class=\"elementor-spacer\">\n\t\t\t<div class=\"elementor-spacer-inner\"><\/div>\n\t\t<\/div>\n\t\t\t\t<\/div>\n\t\t\t\t<\/div>\n\t\t\t\t<div class=\"elementor-element elementor-element-ec87aa4 elementor-widget elementor-widget-text-editor\" data-id=\"ec87aa4\" data-element_type=\"widget\" data-widget_type=\"text-editor.default\">\n\t\t\t\t<div class=\"elementor-widget-container\">\n\t\t\t\t\t\t\t\t<div class=\"elementor-text-editor elementor-clearfix\">\n\t\t\t\t\t\t\t\t\t<\/div>\n\t\t\t\t\t\t<\/div>\n\t\t\t\t<\/div>\n\t\t\t\t<div class=\"elementor-element elementor-element-0c52725 elementor-widget elementor-widget-spacer\" data-id=\"0c52725\" data-element_type=\"widget\" data-widget_type=\"spacer.default\">\n\t\t\t\t<div class=\"elementor-widget-container\">\n\t\t\t\t\t<div class=\"elementor-spacer\">\n\t\t\t<div class=\"elementor-spacer-inner\"><\/div>\n\t\t<\/div>\n\t\t\t\t<\/div>\n\t\t\t\t<\/div>\n\t\t\t\t<div class=\"elementor-element elementor-element-5890174 elementor-widget elementor-widget-shortcode\" data-id=\"5890174\" data-element_type=\"widget\" data-widget_type=\"shortcode.default\">\n\t\t\t\t<div class=\"elementor-widget-container\">\n\t\t\t\t\t<div class=\"elementor-shortcode\"><div role=\"form\" class=\"wpcf7\" id=\"wpcf7-f10-o1\" lang=\"en-US\" dir=\"ltr\">\n<div class=\"screen-reader-response\"><p role=\"status\" aria-live=\"polite\" aria-atomic=\"true\"><\/p> <ul><\/ul><\/div>\n<form action=\"\/es\/wp-json\/wp\/v2\/pages\/212#wpcf7-f10-o1\" method=\"post\" class=\"wpcf7-form init\" novalidate=\"novalidate\" data-status=\"init\">\n<div style=\"display: none;\">\n<input type=\"hidden\" name=\"_wpcf7\" value=\"10\" \/>\n<input type=\"hidden\" name=\"_wpcf7_version\" value=\"5.5.3\" \/>\n<input type=\"hidden\" name=\"_wpcf7_locale\" value=\"en_US\" \/>\n<input type=\"hidden\" name=\"_wpcf7_unit_tag\" value=\"wpcf7-f10-o1\" \/>\n<input type=\"hidden\" name=\"_wpcf7_container_post\" value=\"0\" \/>\n<input type=\"hidden\" name=\"_wpcf7_posted_data_hash\" value=\"\" \/>\n<\/div>\n<div class=\"row\">\n<div class=\"col-lg-6 col-md-6\">\n        <label><span class=\"wpcf7-form-control-wrap your-email\"><input type=\"email\" name=\"your-email\" value=\"\" size=\"40\" class=\"wpcf7-form-control wpcf7-text wpcf7-email wpcf7-validates-as-required wpcf7-validates-as-email\" aria-required=\"true\" aria-invalid=\"false\" placeholder=\"E-mail\" \/><\/span><\/label>\n    <\/div>\n<div class=\"col-lg-6 col-md-6\">\n        <label><span class=\"wpcf7-form-control-wrap your-name\"><input type=\"text\" name=\"your-name\" value=\"\" size=\"40\" class=\"wpcf7-form-control wpcf7-text wpcf7-validates-as-required\" aria-required=\"true\" aria-invalid=\"false\" placeholder=\"Name\" \/><\/span><\/label>\n    <\/div>\n<div class=\"col-lg-12 col-md-12\">\n        <label><span class=\"wpcf7-form-control-wrap your-message\"><textarea name=\"your-message\" cols=\"40\" rows=\"10\" class=\"wpcf7-form-control wpcf7-textarea\" aria-invalid=\"false\" placeholder=\"Message\"><\/textarea><\/span><\/label><br \/>\n        <input type=\"submit\" value=\"Send NOW\" class=\"wpcf7-form-control has-spinner wpcf7-submit\" \/>\n    <\/div>\n<\/div>\n<div class=\"wpcf7-response-output\" aria-hidden=\"true\"><\/div><\/form><\/div><\/div>\n\t\t\t\t<\/div>\n\t\t\t\t<\/div>\n\t\t\t\t\t\t<\/div>\n\t\t\t\t\t<\/div>\n\t\t<\/div>\n\t\t\t\t\t\t\t\t<\/div>\n\t\t\t\t\t<\/div>\n\t\t<\/section>\n\t\t\t\t\t\t<\/div>\n\t\t\t\t\t\t<\/div>\n\t\t\t\t\t<\/div>\n\t\t","protected":false},"excerpt":{"rendered":"<p>Nuestras Oficinas Turqu\u00eda Dr.Sami Ya\u011f\u0131z Cad.Bilim Plaza kat:3 No:12 Ni\u011fde\/TURKEY +90 388 232 91 51 info@samistaltravel.com Cont\u00e1ctenos<\/p>\n","protected":false},"author":1,"featured_media":1803,"parent":0,"menu_order":0,"comment_status":"closed","ping_status":"closed","template":"","meta":{"footnotes":""},"class_list":["post-212","page","type-page","status-publish","has-post-thumbnail","hentry"],"yoast_head":"<!-- This site is optimized with the Yoast SEO plugin v17.7.1 - https:\/\/yoast.com\/wordpress\/plugins\/seo\/ -->\n<title>Contact - Samistal Travel<\/title>\n<meta name=\"description\" content=\"TailoTailormadeTailormade\" \/>\n<meta name=\"robots\" content=\"index, follow, max-snippet:-1, max-image-preview:large, max-video-preview:-1\" \/>\n<link rel=\"canonical\" href=\"https:\/\/samistaltravel.com\/es\/contact\/\" \/>\n<meta property=\"og:locale\" content=\"es_ES\" \/>\n<meta property=\"og:type\" content=\"article\" \/>\n<meta property=\"og:title\" content=\"Contact - Samistal Travel\" \/>\n<meta property=\"og:description\" content=\"TailoTailormadeTailormade\" \/>\n<meta property=\"og:url\" content=\"https:\/\/samistaltravel.com\/es\/contact\/\" \/>\n<meta property=\"og:site_name\" content=\"Samistal Travel\" \/>\n<meta property=\"article:modified_time\" content=\"2023-01-09T09:35:08+00:00\" \/>\n<meta property=\"og:image\" content=\"https:\/\/samistaltravel.com\/es\/wp-content\/uploads\/2021\/11\/contact-us-1.jpg\" \/>\n\t<meta property=\"og:image:width\" content=\"1900\" \/>\n\t<meta property=\"og:image:height\" content=\"600\" \/>\n<meta name=\"twitter:card\" content=\"summary_large_image\" \/>\n<meta name=\"twitter:label1\" content=\"Tiempo de lectura\" \/>\n\t<meta name=\"twitter:data1\" content=\"1 minuto\" \/>\n<script type=\"application\/ld+json\" class=\"yoast-schema-graph\">{\"@context\":\"https:\/\/schema.org\",\"@graph\":[{\"@type\":\"Organization\",\"@id\":\"https:\/\/samistaltravel.com\/es\/#organization\",\"name\":\"Tailormade in Turkey\",\"url\":\"https:\/\/samistaltravel.com\/es\/\",\"sameAs\":[],\"logo\":{\"@type\":\"ImageObject\",\"@id\":\"https:\/\/samistaltravel.com\/es\/#logo\",\"inLanguage\":\"es\",\"url\":\"https:\/\/tailormadeinturkey.com\/wp-content\/uploads\/2021\/11\/tl_siyahlogo.png\",\"contentUrl\":\"https:\/\/tailormadeinturkey.com\/wp-content\/uploads\/2021\/11\/tl_siyahlogo.png\",\"width\":184,\"height\":53,\"caption\":\"Tailormade in Turkey\"},\"image\":{\"@id\":\"https:\/\/samistaltravel.com\/es\/#logo\"}},{\"@type\":\"WebSite\",\"@id\":\"https:\/\/samistaltravel.com\/es\/#website\",\"url\":\"https:\/\/samistaltravel.com\/es\/\",\"name\":\"Samistal Travel\",\"description\":\"Mejor agencia de viajes en Turqu\\u00eda\",\"publisher\":{\"@id\":\"https:\/\/samistaltravel.com\/es\/#organization\"},\"potentialAction\":[{\"@type\":\"SearchAction\",\"target\":{\"@type\":\"EntryPoint\",\"urlTemplate\":\"https:\/\/samistaltravel.com\/es\/?s={search_term_string}\"},\"query-input\":\"required name=search_term_string\"}],\"inLanguage\":\"es\"},{\"@type\":\"ImageObject\",\"@id\":\"https:\/\/samistaltravel.com\/es\/contact\/#primaryimage\",\"inLanguage\":\"es\",\"url\":\"https:\/\/samistaltravel.com\/es\/wp-content\/uploads\/2021\/11\/contact-us-1.jpg\",\"contentUrl\":\"https:\/\/samistaltravel.com\/es\/wp-content\/uploads\/2021\/11\/contact-us-1.jpg\",\"width\":1900,\"height\":600},{\"@type\":\"WebPage\",\"@id\":\"https:\/\/samistaltravel.com\/es\/contact\/#webpage\",\"url\":\"https:\/\/samistaltravel.com\/es\/contact\/\",\"name\":\"Contact - Samistal Travel\",\"isPartOf\":{\"@id\":\"https:\/\/samistaltravel.com\/es\/#website\"},\"primaryImageOfPage\":{\"@id\":\"https:\/\/samistaltravel.com\/es\/contact\/#primaryimage\"},\"datePublished\":\"2018-03-21T07:45:45+00:00\",\"dateModified\":\"2023-01-09T09:35:08+00:00\",\"description\":\"TailoTailormadeTailormade\",\"breadcrumb\":{\"@id\":\"https:\/\/samistaltravel.com\/es\/contact\/#breadcrumb\"},\"inLanguage\":\"es\",\"potentialAction\":[{\"@type\":\"ReadAction\",\"target\":[\"https:\/\/samistaltravel.com\/es\/contact\/\"]}]},{\"@type\":\"BreadcrumbList\",\"@id\":\"https:\/\/samistaltravel.com\/es\/contact\/#breadcrumb\",\"itemListElement\":[{\"@type\":\"ListItem\",\"position\":1,\"name\":\"Inicio\",\"item\":\"https:\/\/samistaltravel.com\/es\/\"},{\"@type\":\"ListItem\",\"position\":2,\"name\":\"Contact\"}]}]}<\/script>\n<!-- \/ Yoast SEO plugin. -->","yoast_head_json":{"title":"Contact - Samistal Travel","description":"TailoTailormadeTailormade","robots":{"index":"index","follow":"follow","max-snippet":"max-snippet:-1","max-image-preview":"max-image-preview:large","max-video-preview":"max-video-preview:-1"},"canonical":"https:\/\/samistaltravel.com\/es\/contact\/","og_locale":"es_ES","og_type":"article","og_title":"Contact - Samistal Travel","og_description":"TailoTailormadeTailormade","og_url":"https:\/\/samistaltravel.com\/es\/contact\/","og_site_name":"Samistal Travel","article_modified_time":"2023-01-09T09:35:08+00:00","og_image":[{"width":1900,"height":600,"url":"https:\/\/samistaltravel.com\/es\/wp-content\/uploads\/2021\/11\/contact-us-1.jpg","type":"image\/jpeg"}],"twitter_card":"summary_large_image","twitter_misc":{"Tiempo de lectura":"1 minuto"},"schema":{"@context":"https:\/\/schema.org","@graph":[{"@type":"Organization","@id":"https:\/\/samistaltravel.com\/es\/#organization","name":"Tailormade in Turkey","url":"https:\/\/samistaltravel.com\/es\/","sameAs":[],"logo":{"@type":"ImageObject","@id":"https:\/\/samistaltravel.com\/es\/#logo","inLanguage":"es","url":"https:\/\/tailormadeinturkey.com\/wp-content\/uploads\/2021\/11\/tl_siyahlogo.png","contentUrl":"https:\/\/tailormadeinturkey.com\/wp-content\/uploads\/2021\/11\/tl_siyahlogo.png","width":184,"height":53,"caption":"Tailormade in Turkey"},"image":{"@id":"https:\/\/samistaltravel.com\/es\/#logo"}},{"@type":"WebSite","@id":"https:\/\/samistaltravel.com\/es\/#website","url":"https:\/\/samistaltravel.com\/es\/","name":"Samistal Travel","description":"Mejor agencia de viajes en Turqu\u00eda","publisher":{"@id":"https:\/\/samistaltravel.com\/es\/#organization"},"potentialAction":[{"@type":"SearchAction","target":{"@type":"EntryPoint","urlTemplate":"https:\/\/samistaltravel.com\/es\/?s={search_term_string}"},"query-input":"required name=search_term_string"}],"inLanguage":"es"},{"@type":"ImageObject","@id":"https:\/\/samistaltravel.com\/es\/contact\/#primaryimage","inLanguage":"es","url":"https:\/\/samistaltravel.com\/es\/wp-content\/uploads\/2021\/11\/contact-us-1.jpg","contentUrl":"https:\/\/samistaltravel.com\/es\/wp-content\/uploads\/2021\/11\/contact-us-1.jpg","width":1900,"height":600},{"@type":"WebPage","@id":"https:\/\/samistaltravel.com\/es\/contact\/#webpage","url":"https:\/\/samistaltravel.com\/es\/contact\/","name":"Contact - Samistal Travel","isPartOf":{"@id":"https:\/\/samistaltravel.com\/es\/#website"},"primaryImageOfPage":{"@id":"https:\/\/samistaltravel.com\/es\/contact\/#primaryimage"},"datePublished":"2018-03-21T07:45:45+00:00","dateModified":"2023-01-09T09:35:08+00:00","description":"TailoTailormadeTailormade","breadcrumb":{"@id":"https:\/\/samistaltravel.com\/es\/contact\/#breadcrumb"},"inLanguage":"es","potentialAction":[{"@type":"ReadAction","target":["https:\/\/samistaltravel.com\/es\/contact\/"]}]},{"@type":"BreadcrumbList","@id":"https:\/\/samistaltravel.com\/es\/contact\/#breadcrumb","itemListElement":[{"@type":"ListItem","position":1,"name":"Inicio","item":"https:\/\/samistaltravel.com\/es\/"},{"@type":"ListItem","position":2,"name":"Contact"}]}]}},"_links":{"self":[{"href":"https:\/\/samistaltravel.com\/es\/wp-json\/wp\/v2\/pages\/212","targetHints":{"allow":["GET"]}}],"collection":[{"href":"https:\/\/samistaltravel.com\/es\/wp-json\/wp\/v2\/pages"}],"about":[{"href":"https:\/\/samistaltravel.com\/es\/wp-json\/wp\/v2\/types\/page"}],"author":[{"embeddable":true,"href":"https:\/\/samistaltravel.com\/es\/wp-json\/wp\/v2\/users\/1"}],"replies":[{"embeddable":true,"href":"https:\/\/samistaltravel.com\/es\/wp-json\/wp\/v2\/comments?post=212"}],"version-history":[{"count":31,"href":"https:\/\/samistaltravel.com\/es\/wp-json\/wp\/v2\/pages\/212\/revisions"}],"predecessor-version":[{"id":2214,"href":"https:\/\/samistaltravel.com\/es\/wp-json\/wp\/v2\/pages\/212\/revisions\/2214"}],"wp:featuredmedia":[{"embeddable":true,"href":"https:\/\/samistaltravel.com\/es\/wp-json\/wp\/v2\/media\/1803"}],"wp:attachment":[{"href":"https:\/\/samistaltravel.com\/es\/wp-json\/wp\/v2\/media?parent=212"}],"curies":[{"name":"wp","href":"https:\/\/api.w.org\/{rel}","templated":true}]}}